{"id":1148,"date":"2024-06-20T19:24:21","date_gmt":"2024-06-20T17:24:21","guid":{"rendered":"https:\/\/elcomin.com\/unternehmen-2\/"},"modified":"2024-06-24T11:02:29","modified_gmt":"2024-06-24T09:02:29","slug":"unternehmen","status":"publish","type":"page","link":"https:\/\/elcomin.com\/de\/unternehmen\/","title":{"rendered":"Unternehmen"},"content":{"rendered":"\t\t<div data-elementor-type=\"wp-page\" data-elementor-id=\"1148\" class=\"elementor elementor-1148 elementor-1126\" data-elementor-post-type=\"page\">\n\t\t\t\t<div class=\"elementor-element elementor-element-8c55ded e-flex e-con-boxed e-con e-parent\" data-id=\"8c55ded\" data-element_type=\"container\" data-e-type=\"container\">\n\t\t\t\t\t<div class=\"e-con-inner\">\n\t\t\t\t<div class=\"elementor-element elementor-element-bb737c1 elementor-widget elementor-widget-theme-post-featured-image elementor-widget-image\" data-id=\"bb737c1\" data-element_type=\"widget\" data-e-type=\"widget\" data-widget_type=\"theme-post-featured-image.default\">\n\t\t\t\t<div class=\"elementor-widget-container\">\n\t\t\t\t\t\t\t\t\t\t\t\t\t\t\t<img fetchpriority=\"high\" decoding=\"async\" width=\"1920\" height=\"800\" src=\"https:\/\/elcomin.com\/wp-content\/uploads\/2017\/01\/storia.jpg\" class=\"attachment-full size-full wp-image-634\" alt=\"\" srcset=\"https:\/\/elcomin.com\/wp-content\/uploads\/2017\/01\/storia.jpg 1920w, https:\/\/elcomin.com\/wp-content\/uploads\/2017\/01\/storia-500x208.jpg 500w, https:\/\/elcomin.com\/wp-content\/uploads\/2017\/01\/storia-768x320.jpg 768w, https:\/\/elcomin.com\/wp-content\/uploads\/2017\/01\/storia-1024x427.jpg 1024w\" sizes=\"(max-width: 1920px) 100vw, 1920px\" \/>\t\t\t\t\t\t\t\t\t\t\t\t\t\t\t<\/div>\n\t\t\t\t<\/div>\n\t\t\t\t\t<\/div>\n\t\t\t\t<\/div>\n\t\t<div class=\"elementor-element elementor-element-d600254 e-flex e-con-boxed e-con e-parent\" data-id=\"d600254\" data-element_type=\"container\" data-e-type=\"container\">\n\t\t\t\t\t<div class=\"e-con-inner\">\n\t\t\t\t<div class=\"elementor-element elementor-element-2d59f9e elementor-widget elementor-widget-heading\" data-id=\"2d59f9e\" data-element_type=\"widget\" data-e-type=\"widget\" data-widget_type=\"heading.default\">\n\t\t\t\t<div class=\"elementor-widget-container\">\n\t\t\t\t\t<h2 class=\"elementor-heading-title elementor-size-default\">Wer wir sind<\/h2>\t\t\t\t<\/div>\n\t\t\t\t<\/div>\n\t\t\t\t<div class=\"elementor-element elementor-element-66d242e elementor-widget elementor-widget-text-editor\" data-id=\"66d242e\" data-element_type=\"widget\" data-e-type=\"widget\" data-widget_type=\"text-editor.default\">\n\t\t\t\t<div class=\"elementor-widget-container\">\n\t\t\t\t\t\t\t\t\t<p>Im Jahre 1980 von Mario Ponti gegr\u00fcndet, mit dem Ziel eine zuverl\u00e4ssige und kompetente Firma im Bereich Gummi Dichtungen und technische Artikeln zu entwickeln, hat sich Elcomin S.r.l. im Laufe der Jahren auf die Produktion von technischen Artikeln aus Gummi, Silikon, Fluorelastomere und von Teile mit Gummi-Metall Verbindung und Gummi-Plastik Verbindung spezialisiert. Die Vorteile des Familienbetriebes haben sich im Laufe der Jahren zusammen mit einer industriellen Struktur stark verbunden. Diese flexible Organisation gibt uns die M\u00f6glichkeit, die verschiedenen Anforderungen der Kunden bei k\u00fcrzeren Reaktionszeiten zu erf\u00fcllen.<\/p>\n<p>Eine enge Partnerschaft mit qualifizierten Mischungslieferanten und mit nationalen und internationalen Kunden sowohl eine kontinuierliche Optimierung der Qualit\u00e4t erlauben uns, den vielf\u00e4ltigen technischen Forderungen unseren Kunden nachzukommen.<\/p>\n<p>Wir fertigen technische Artikeln f\u00fcr mehreren Anwendungen im Bereich Automobilindustrie, \u00d6lhydraulik, Pneumatik, Elektrotechnik, Maschinen\/Anlagebau, Lebensmittelindustrie, Energie, Wasserversorgung, Transportindustrie usw. und bieten unterschiedliche Dichtelemente f\u00fcr unterschiedliche Medien, Temperaturen und Einbausituationen an aus verschiedenen Elastomeren: NBR, EPDM, CR, NR, HNBR, FKM, VMQ, FVMQ, ECO, SBR und andere Spezialmischungen.<\/p>\n<p>Noch dazu ist unser Auswahl mit plastischen Materialien wie PA, PE, ABS usw. erweitert worden.<\/p>\n<p>Alle Mischungen k\u00f6nnen mit Komponenten aus Metall, Gewebe oder Kunststoff ein vulkanisiert werden.<\/p>\n\t\t\t\t\t\t\t\t<\/div>\n\t\t\t\t<\/div>\n\t\t\t\t<div class=\"elementor-element elementor-element-f6fcff7 elementor-widget elementor-widget-heading\" data-id=\"f6fcff7\" data-element_type=\"widget\" data-e-type=\"widget\" data-widget_type=\"heading.default\">\n\t\t\t\t<div class=\"elementor-widget-container\">\n\t\t\t\t\t<h2 class=\"elementor-heading-title elementor-size-default\">Unser Leitbild<\/h2>\t\t\t\t<\/div>\n\t\t\t\t<\/div>\n\t\t\t\t<div class=\"elementor-element elementor-element-ce09c4a elementor-widget elementor-widget-text-editor\" data-id=\"ce09c4a\" data-element_type=\"widget\" data-e-type=\"widget\" data-widget_type=\"text-editor.default\">\n\t\t\t\t<div class=\"elementor-widget-container\">\n\t\t\t\t\t\t\t\t\t<p>Elcomin Srl produziert Produkte aus Elastomeren Werkstoffen f\u00fcr die Gesch\u00e4ftsfelder Automotive (Automobil und Transport) und Technischer Markt (Lebensmittelindustrie, Maschine und Anlagebau, Wasserversorgung, Bauwesen, Industrie\u2026).<\/p>\n<p>Kundenbetreuung, technische Kompetenz, hochqualifizierte Mitarbeitern und sorgf\u00e4ltige Qualit\u00e4tspr\u00fcfung: diese sind unsere Richtlinien. Das ganze unter Ber\u00fccksichtigung der Gesundheit der Menschen und der Umwelt. Kundenzufriedenheit ist unser Hauptziel.<\/p>\t\t\t\t\t\t\t\t<\/div>\n\t\t\t\t<\/div>\n\t\t\t\t<div class=\"elementor-element elementor-element-7c0af64 elementor-position-inline-start elementor-view-default elementor-mobile-position-block-start elementor-widget elementor-widget-icon-box\" data-id=\"7c0af64\" data-element_type=\"widget\" data-e-type=\"widget\" data-widget_type=\"icon-box.default\">\n\t\t\t\t<div class=\"elementor-widget-container\">\n\t\t\t\t\t\t\t<div class=\"elementor-icon-box-wrapper\">\n\n\t\t\t\t\t\t<div class=\"elementor-icon-box-icon\">\n\t\t\t\t<a href=\"https:\/\/elcomin.com\/wp-content\/uploads\/2021\/04\/politica_qualita_2021.pdf\" target=\"_blank\" class=\"elementor-icon\" tabindex=\"-1\" aria-label=\"Qualit\u00e4tspolitik herunterzuladen.\">\n\t\t\t\t<svg aria-hidden=\"true\" class=\"e-font-icon-svg e-far-file-pdf\" viewBox=\"0 0 384 512\" xmlns=\"http:\/\/www.w3.org\/2000\/svg\"><path d=\"M369.9 97.9L286 14C277 5 264.8-.1 252.1-.1H48C21.5 0 0 21.5 0 48v416c0 26.5 21.5 48 48 48h288c26.5 0 48-21.5 48-48V131.9c0-12.7-5.1-25-14.1-34zM332.1 128H256V51.9l76.1 76.1zM48 464V48h160v104c0 13.3 10.7 24 24 24h104v288H48zm250.2-143.7c-12.2-12-47-8.7-64.4-6.5-17.2-10.5-28.7-25-36.8-46.3 3.9-16.1 10.1-40.6 5.4-56-4.2-26.2-37.8-23.6-42.6-5.9-4.4 16.1-.4 38.5 7 67.1-10 23.9-24.9 56-35.4 74.4-20 10.3-47 26.2-51 46.2-3.3 15.8 26 55.2 76.1-31.2 22.4-7.4 46.8-16.5 68.4-20.1 18.9 10.2 41 17 55.8 17 25.5 0 28-28.2 17.5-38.7zm-198.1 77.8c5.1-13.7 24.5-29.5 30.4-35-19 30.3-30.4 35.7-30.4 35zm81.6-190.6c7.4 0 6.7 32.1 1.8 40.8-4.4-13.9-4.3-40.8-1.8-40.8zm-24.4 136.6c9.7-16.9 18-37 24.7-54.7 8.3 15.1 18.9 27.2 30.1 35.5-20.8 4.3-38.9 13.1-54.8 19.2zm131.6-5s-5 6-37.3-7.8c35.1-2.6 40.9 5.4 37.3 7.8z\"><\/path><\/svg>\t\t\t\t<\/a>\n\t\t\t<\/div>\n\t\t\t\n\t\t\t\t\t\t<div class=\"elementor-icon-box-content\">\n\n\t\t\t\t\t\t\t\t\t<h3 class=\"elementor-icon-box-title\">\n\t\t\t\t\t\t<a href=\"https:\/\/elcomin.com\/wp-content\/uploads\/2021\/04\/politica_qualita_2021.pdf\" target=\"_blank\" >\n\t\t\t\t\t\t\tQualit\u00e4tspolitik herunterzuladen.\t\t\t\t\t\t<\/a>\n\t\t\t\t\t<\/h3>\n\t\t\t\t\n\t\t\t\t\n\t\t\t<\/div>\n\t\t\t\n\t\t<\/div>\n\t\t\t\t\t\t<\/div>\n\t\t\t\t<\/div>\n\t\t\t\t<div class=\"elementor-element elementor-element-ae5db09 elementor-widget elementor-widget-heading\" data-id=\"ae5db09\" data-element_type=\"widget\" data-e-type=\"widget\" data-widget_type=\"heading.default\">\n\t\t\t\t<div class=\"elementor-widget-container\">\n\t\t\t\t\t<h2 class=\"elementor-heading-title elementor-size-default\">Unser Engagement f\u00fcr die Umwelt<\/h2>\t\t\t\t<\/div>\n\t\t\t\t<\/div>\n\t\t\t\t<div class=\"elementor-element elementor-element-342884e elementor-widget elementor-widget-text-editor\" data-id=\"342884e\" data-element_type=\"widget\" data-e-type=\"widget\" data-widget_type=\"text-editor.default\">\n\t\t\t\t<div class=\"elementor-widget-container\">\n\t\t\t\t\t\t\t\t\t<p>Unser Unternehmen legt hohen Wert auf Umweltethik und Umweltvertr\u00e4glichkeit. Dies Leitprinzip f\u00e4ngt von der strikten Einhaltung der geltenden Rechtsvorschriften im Sicherheits- und Umweltbereich und vom Gesundheitsschutz unserer Mitarbeitern und der sich in der N\u00e4he aufhaltenden \u00d6ffentlichkeit an.<\/p>\n<p>Unser Engagement:<\/p>\n<ul>\n<li>die Umweltschutzvorschriften einzuhalten und die Umweltverschmutzung zu verhindern<\/li>\n<li>die Sicherheit und Gesundheit unserer Mitarbeitern und der sich in der N\u00e4he aufhaltenden \u00d6ffentlichkeit zu sch\u00fctzen<\/li>\n<li>unsere Mitarbeiter damit zu involvieren, um sie f\u00fcr Umweltvertr\u00e4glichkeit st\u00e4rker zu sensibilisieren<\/li>\n<li>.<\/li>\n<\/ul>\n\t\t\t\t\t\t\t\t<\/div>\n\t\t\t\t<\/div>\n\t\t\t\t\t<\/div>\n\t\t\t\t<\/div>\n\t\t\t\t<\/div>\n\t\t","protected":false},"excerpt":{"rendered":"<p>Wer wir sind Im Jahre 1980 von Mario Ponti gegr\u00fcndet, mit dem Ziel eine zuverl\u00e4ssige und kompetente Firma im Bereich Gummi Dichtungen und technische Artikeln zu entwickeln, hat sich Elcomin S.r.l. im Laufe der Jahren auf die Produktion von technischen Artikeln aus Gummi, Silikon, Fluorelastomere und von Teile mit Gummi-Metall Verbindung und Gummi-Plastik Verbindung spezialisiert. [&hellip;]<\/p>\n","protected":false},"author":1,"featured_media":634,"parent":0,"menu_order":0,"comment_status":"closed","ping_status":"closed","template":"elementor_header_footer","meta":{"_acf_changed":false,"footnotes":""},"class_list":["post-1148","page","type-page","status-publish","has-post-thumbnail","hentry"],"acf":[],"yoast_head":"<!-- This site is optimized with the Yoast SEO plugin v27.5 - https:\/\/yoast.com\/product\/yoast-seo-wordpress\/ -->\n<title>Unternehmen - Elcomin<\/title>\n<meta name=\"robots\" content=\"index, follow, max-snippet:-1, max-image-preview:large, max-video-preview:-1\" \/>\n<link rel=\"canonical\" href=\"https:\/\/elcomin.com\/de\/unternehmen\/\" \/>\n<meta property=\"og:locale\" content=\"de_DE\" \/>\n<meta property=\"og:type\" content=\"article\" \/>\n<meta property=\"og:title\" content=\"Unternehmen - Elcomin\" \/>\n<meta property=\"og:description\" content=\"Wer wir sind Im Jahre 1980 von Mario Ponti gegr\u00fcndet, mit dem Ziel eine zuverl\u00e4ssige und kompetente Firma im Bereich Gummi Dichtungen und technische Artikeln zu entwickeln, hat sich Elcomin S.r.l. im Laufe der Jahren auf die Produktion von technischen Artikeln aus Gummi, Silikon, Fluorelastomere und von Teile mit Gummi-Metall Verbindung und Gummi-Plastik Verbindung spezialisiert. [&hellip;]\" \/>\n<meta property=\"og:url\" content=\"https:\/\/elcomin.com\/de\/unternehmen\/\" \/>\n<meta property=\"og:site_name\" content=\"Elcomin\" \/>\n<meta property=\"article:modified_time\" content=\"2024-06-24T09:02:29+00:00\" \/>\n<meta property=\"og:image\" content=\"https:\/\/elcomin.com\/wp-content\/uploads\/2017\/01\/storia.jpg\" \/>\n\t<meta property=\"og:image:width\" content=\"1920\" \/>\n\t<meta property=\"og:image:height\" content=\"800\" \/>\n\t<meta property=\"og:image:type\" content=\"image\/jpeg\" \/>\n<meta name=\"twitter:card\" content=\"summary_large_image\" \/>\n<meta name=\"twitter:label1\" content=\"Gesch\u00e4tzte Lesezeit\" \/>\n\t<meta name=\"twitter:data1\" content=\"2\u00a0Minuten\" \/>\n<script type=\"application\/ld+json\" class=\"yoast-schema-graph\">{\"@context\":\"https:\\\/\\\/schema.org\",\"@graph\":[{\"@type\":\"WebPage\",\"@id\":\"https:\\\/\\\/elcomin.com\\\/de\\\/unternehmen\\\/\",\"url\":\"https:\\\/\\\/elcomin.com\\\/de\\\/unternehmen\\\/\",\"name\":\"Unternehmen - Elcomin\",\"isPartOf\":{\"@id\":\"https:\\\/\\\/elcomin.com\\\/de\\\/#website\"},\"primaryImageOfPage\":{\"@id\":\"https:\\\/\\\/elcomin.com\\\/de\\\/unternehmen\\\/#primaryimage\"},\"image\":{\"@id\":\"https:\\\/\\\/elcomin.com\\\/de\\\/unternehmen\\\/#primaryimage\"},\"thumbnailUrl\":\"https:\\\/\\\/elcomin.com\\\/wp-content\\\/uploads\\\/2017\\\/01\\\/storia.jpg\",\"datePublished\":\"2024-06-20T17:24:21+00:00\",\"dateModified\":\"2024-06-24T09:02:29+00:00\",\"breadcrumb\":{\"@id\":\"https:\\\/\\\/elcomin.com\\\/de\\\/unternehmen\\\/#breadcrumb\"},\"inLanguage\":\"de\",\"potentialAction\":[{\"@type\":\"ReadAction\",\"target\":[\"https:\\\/\\\/elcomin.com\\\/de\\\/unternehmen\\\/\"]}]},{\"@type\":\"ImageObject\",\"inLanguage\":\"de\",\"@id\":\"https:\\\/\\\/elcomin.com\\\/de\\\/unternehmen\\\/#primaryimage\",\"url\":\"https:\\\/\\\/elcomin.com\\\/wp-content\\\/uploads\\\/2017\\\/01\\\/storia.jpg\",\"contentUrl\":\"https:\\\/\\\/elcomin.com\\\/wp-content\\\/uploads\\\/2017\\\/01\\\/storia.jpg\",\"width\":1920,\"height\":800},{\"@type\":\"BreadcrumbList\",\"@id\":\"https:\\\/\\\/elcomin.com\\\/de\\\/unternehmen\\\/#breadcrumb\",\"itemListElement\":[{\"@type\":\"ListItem\",\"position\":1,\"name\":\"Home\",\"item\":\"https:\\\/\\\/elcomin.com\\\/de\\\/\"},{\"@type\":\"ListItem\",\"position\":2,\"name\":\"Unternehmen\"}]},{\"@type\":\"WebSite\",\"@id\":\"https:\\\/\\\/elcomin.com\\\/de\\\/#website\",\"url\":\"https:\\\/\\\/elcomin.com\\\/de\\\/\",\"name\":\"Elcomin\",\"description\":\"Guarnizioni industriali\",\"publisher\":{\"@id\":\"https:\\\/\\\/elcomin.com\\\/de\\\/#organization\"},\"potentialAction\":[{\"@type\":\"SearchAction\",\"target\":{\"@type\":\"EntryPoint\",\"urlTemplate\":\"https:\\\/\\\/elcomin.com\\\/de\\\/?s={search_term_string}\"},\"query-input\":{\"@type\":\"PropertyValueSpecification\",\"valueRequired\":true,\"valueName\":\"search_term_string\"}}],\"inLanguage\":\"de\"},{\"@type\":\"Organization\",\"@id\":\"https:\\\/\\\/elcomin.com\\\/de\\\/#organization\",\"name\":\"Elcomin\",\"url\":\"https:\\\/\\\/elcomin.com\\\/de\\\/\",\"logo\":{\"@type\":\"ImageObject\",\"inLanguage\":\"de\",\"@id\":\"https:\\\/\\\/elcomin.com\\\/de\\\/#\\\/schema\\\/logo\\\/image\\\/\",\"url\":\"https:\\\/\\\/elcomin.com\\\/wp-content\\\/uploads\\\/2024\\\/06\\\/logo-elcomin.png\",\"contentUrl\":\"https:\\\/\\\/elcomin.com\\\/wp-content\\\/uploads\\\/2024\\\/06\\\/logo-elcomin.png\",\"width\":500,\"height\":135,\"caption\":\"Elcomin\"},\"image\":{\"@id\":\"https:\\\/\\\/elcomin.com\\\/de\\\/#\\\/schema\\\/logo\\\/image\\\/\"}}]}<\/script>\n<!-- \/ Yoast SEO plugin. -->","yoast_head_json":{"title":"Unternehmen - Elcomin","robots":{"index":"index","follow":"follow","max-snippet":"max-snippet:-1","max-image-preview":"max-image-preview:large","max-video-preview":"max-video-preview:-1"},"canonical":"https:\/\/elcomin.com\/de\/unternehmen\/","og_locale":"de_DE","og_type":"article","og_title":"Unternehmen - Elcomin","og_description":"Wer wir sind Im Jahre 1980 von Mario Ponti gegr\u00fcndet, mit dem Ziel eine zuverl\u00e4ssige und kompetente Firma im Bereich Gummi Dichtungen und technische Artikeln zu entwickeln, hat sich Elcomin S.r.l. im Laufe der Jahren auf die Produktion von technischen Artikeln aus Gummi, Silikon, Fluorelastomere und von Teile mit Gummi-Metall Verbindung und Gummi-Plastik Verbindung spezialisiert. [&hellip;]","og_url":"https:\/\/elcomin.com\/de\/unternehmen\/","og_site_name":"Elcomin","article_modified_time":"2024-06-24T09:02:29+00:00","og_image":[{"width":1920,"height":800,"url":"https:\/\/elcomin.com\/wp-content\/uploads\/2017\/01\/storia.jpg","type":"image\/jpeg"}],"twitter_card":"summary_large_image","twitter_misc":{"Gesch\u00e4tzte Lesezeit":"2\u00a0Minuten"},"schema":{"@context":"https:\/\/schema.org","@graph":[{"@type":"WebPage","@id":"https:\/\/elcomin.com\/de\/unternehmen\/","url":"https:\/\/elcomin.com\/de\/unternehmen\/","name":"Unternehmen - Elcomin","isPartOf":{"@id":"https:\/\/elcomin.com\/de\/#website"},"primaryImageOfPage":{"@id":"https:\/\/elcomin.com\/de\/unternehmen\/#primaryimage"},"image":{"@id":"https:\/\/elcomin.com\/de\/unternehmen\/#primaryimage"},"thumbnailUrl":"https:\/\/elcomin.com\/wp-content\/uploads\/2017\/01\/storia.jpg","datePublished":"2024-06-20T17:24:21+00:00","dateModified":"2024-06-24T09:02:29+00:00","breadcrumb":{"@id":"https:\/\/elcomin.com\/de\/unternehmen\/#breadcrumb"},"inLanguage":"de","potentialAction":[{"@type":"ReadAction","target":["https:\/\/elcomin.com\/de\/unternehmen\/"]}]},{"@type":"ImageObject","inLanguage":"de","@id":"https:\/\/elcomin.com\/de\/unternehmen\/#primaryimage","url":"https:\/\/elcomin.com\/wp-content\/uploads\/2017\/01\/storia.jpg","contentUrl":"https:\/\/elcomin.com\/wp-content\/uploads\/2017\/01\/storia.jpg","width":1920,"height":800},{"@type":"BreadcrumbList","@id":"https:\/\/elcomin.com\/de\/unternehmen\/#breadcrumb","itemListElement":[{"@type":"ListItem","position":1,"name":"Home","item":"https:\/\/elcomin.com\/de\/"},{"@type":"ListItem","position":2,"name":"Unternehmen"}]},{"@type":"WebSite","@id":"https:\/\/elcomin.com\/de\/#website","url":"https:\/\/elcomin.com\/de\/","name":"Elcomin","description":"Guarnizioni industriali","publisher":{"@id":"https:\/\/elcomin.com\/de\/#organization"},"potentialAction":[{"@type":"SearchAction","target":{"@type":"EntryPoint","urlTemplate":"https:\/\/elcomin.com\/de\/?s={search_term_string}"},"query-input":{"@type":"PropertyValueSpecification","valueRequired":true,"valueName":"search_term_string"}}],"inLanguage":"de"},{"@type":"Organization","@id":"https:\/\/elcomin.com\/de\/#organization","name":"Elcomin","url":"https:\/\/elcomin.com\/de\/","logo":{"@type":"ImageObject","inLanguage":"de","@id":"https:\/\/elcomin.com\/de\/#\/schema\/logo\/image\/","url":"https:\/\/elcomin.com\/wp-content\/uploads\/2024\/06\/logo-elcomin.png","contentUrl":"https:\/\/elcomin.com\/wp-content\/uploads\/2024\/06\/logo-elcomin.png","width":500,"height":135,"caption":"Elcomin"},"image":{"@id":"https:\/\/elcomin.com\/de\/#\/schema\/logo\/image\/"}}]}},"_links":{"self":[{"href":"https:\/\/elcomin.com\/de\/wp-json\/wp\/v2\/pages\/1148","targetHints":{"allow":["GET"]}}],"collection":[{"href":"https:\/\/elcomin.com\/de\/wp-json\/wp\/v2\/pages"}],"about":[{"href":"https:\/\/elcomin.com\/de\/wp-json\/wp\/v2\/types\/page"}],"author":[{"embeddable":true,"href":"https:\/\/elcomin.com\/de\/wp-json\/wp\/v2\/users\/1"}],"replies":[{"embeddable":true,"href":"https:\/\/elcomin.com\/de\/wp-json\/wp\/v2\/comments?post=1148"}],"version-history":[{"count":4,"href":"https:\/\/elcomin.com\/de\/wp-json\/wp\/v2\/pages\/1148\/revisions"}],"predecessor-version":[{"id":1360,"href":"https:\/\/elcomin.com\/de\/wp-json\/wp\/v2\/pages\/1148\/revisions\/1360"}],"wp:featuredmedia":[{"embeddable":true,"href":"https:\/\/elcomin.com\/de\/wp-json\/wp\/v2\/media\/634"}],"wp:attachment":[{"href":"https:\/\/elcomin.com\/de\/wp-json\/wp\/v2\/media?parent=1148"}],"curies":[{"name":"wp","href":"https:\/\/api.w.org\/{rel}","templated":true}]}}